{"id":14,"date":"2017-02-03T10:39:53","date_gmt":"2017-02-03T09:39:53","guid":{"rendered":"http:\/\/hp-michel.de\/?page_id=14"},"modified":"2023-02-27T15:06:30","modified_gmt":"2023-02-27T14:06:30","slug":"heilpraktikerin","status":"publish","type":"page","link":"http:\/\/hp-michel.de\/?page_id=14","title":{"rendered":"Heilpraktikerin"},"content":{"rendered":"<p>Lieber Gast,<\/p>\n<p>gern stelle ich mich ihnen auf dieser Seite vor.<br \/>\nIch wurde am 04.04.1967 geboren und durfte schon wenige Tage nach diesem Ereignis in dem Haus einziehen, welches ich inzwischen wieder bewohne und wo ich heute meinen kleinen Praxisraum habe.<\/p>\n<p>Als Heilpraktikerin bin ich seit dem 1.12.2012 t\u00e4tig.<br \/>\nNebenbei schreibe ich Romane und Kurzgeschichten und baue einen kleinen <img loading=\"lazy\" decoding=\"async\" class=\" wp-image-292 alignright\" src=\"http:\/\/hp-michel.de\/wp-content\/uploads\/2017\/02\/opium-poppy-2560032_960_720-300x298.jpg\" alt=\"\" width=\"253\" height=\"251\" srcset=\"http:\/\/hp-michel.de\/wp-content\/uploads\/2017\/02\/opium-poppy-2560032_960_720-300x298.jpg 300w, http:\/\/hp-michel.de\/wp-content\/uploads\/2017\/02\/opium-poppy-2560032_960_720-150x150.jpg 150w, http:\/\/hp-michel.de\/wp-content\/uploads\/2017\/02\/opium-poppy-2560032_960_720-88x88.jpg 88w, http:\/\/hp-michel.de\/wp-content\/uploads\/2017\/02\/opium-poppy-2560032_960_720.jpg 724w\" sizes=\"auto, (max-width: 253px) 100vw, 253px\" \/>Selbstversorgerhof auf.<\/p>\n<p>Ausf\u00fchrliche Informationen zu meinen Behandlungsmethoden erfahren sie am rechten Rand dieser Seite.<\/p>\n<p>Da ich ausschlie\u00dflich mit nat\u00fcrlichen Mitteln arbeite, m\u00f6chte ich an dieser Stelle gern auf den rechtlichen Aspekt der verschiedenen Heilmethoden eingehen.<\/p>\n<p><strong>Der\u00a0wissenschaftliche Nachweis von Heilmethoden<br \/>\n<\/strong>Bis eine Heilmethode von der Wissenschaft anerkannt ist, braucht es schon eine ganze Menge. Vor allem das Interesse der Wirtschaft. Ein Medikament, welches von der Pharmaindustrie entwickelt wurde, muss durch diverse Pr\u00fcfverfahren, die zum Teil durch Unsinnigkeit kaum zu \u00fcberbieten sind. So z.B. durch Tierversuche, die sich gar nicht auf den Menschen \u00fcbertragen lassen. Trotzdem werden sie gemacht. Irgendwann kommt das Medikament dann tats\u00e4chlich auf den Markt und da f\u00e4ngt dann die eigentliche Testreihe an. \u00a0Nicht selten mit dem Ergebnis, dass Menschen daran sterben oder zumindest schweren Schaden nehmen. Aber immerhin sind diese Medikamente zugelassen und ihre Heilwirkung gilt als erwiesen.<\/p>\n<p>Heilmethoden, mit denen die Pharmaindustrie kein Geld verdienen kann, werden vielfach gar nicht erst auf den Pr\u00fcfstand gehoben. Auch dann nicht, wenn empirische Studien bereits ihre Wirksamkeit beweisen haben. Und wenn ein Heilverfahren gar nicht erst wissenschaftlich gepr\u00fcft wird, kann dessen Wirksamkeit auch wissenschaftlich nicht nachgewiesen werden. Dass die Wirkung nicht nachgewiesen konnte, muss aber ganz deutlich erw\u00e4hnt werden. Unerw\u00e4hnt bleiben darf, ob denn \u00fcberhaupt gepr\u00fcft wurde.<br \/>\nUnd da Mutter Natur die finanziellen Mittel fehlen, derartige Studien in Auftrag zu geben, werden wir vermutlich vergeblich darauf warten, dass jemals z.B. die wunderbare Wirkung einer Mohnbl\u00fcte je wissenschaftlich nachgewiesen wird.<\/p>\n<p>Vergisst ein Behandler zu erw\u00e4hnen, dass ein wissenschaftlicher Nachweis der Wirksamkeit noch nicht erbracht werden konnte, dann macht er sich dem Gesetz nach strafbar.<\/p>\n<p><strong>Deshalb weise ich hier an dieser Stelle noch einmal ausdr\u00fccklich darauf hin, dass die Wirksamkeit meiner Behandlungsmethoden wissenschaftlich noch nicht nachgewiesen werden konnte.<br \/>\n<\/strong>Einzige Ausnahme ist die Lymphdrainage.<\/p>\n<p><strong>\u00a0\u00a0\u00a0\u00a0\u00a0\u00a0\u00a0\u00a0\u00a0\u00a0\u00a0\u00a0\u00a0\u00a0\u00a0\u00a0\u00a0\u00a0\u00a0\u00a0\u00a0\u00a0\u00a0\u00a0\u00a0\u00a0\u00a0\u00a0\u00a0\u00a0\u00a0\u00a0\u00a0\u00a0\u00a0\u00a0\u00a0\u00a0\u00a0\u00a0\u00a0\u00a0\u00a0\u00a0\u00a0\u00a0\u00a0\u00a0\u00a0\u00a0\u00a0\u00a0\u00a0\u00a0\u00a0\u00a0\u00a0\u00a0\u00a0\u00a0\u00a0\u00a0\u00a0\u00a0\u00a0\u00a0\u00a0\u00a0\u00a0\u00a0\u00a0\u00a0\u00a0\u00a0\u00a0\u00a0\u00a0\u00a0\u00a0\u00a0\u00a0\u00a0\u00a0\u00a0\u00a0\u00a0\u00a0\u00a0\u00a0\u00a0\u00a0\u00a0\u00a0\u00a0\u00a0\u00a0\u00a0 <\/strong><\/p>\n<p><strong>\u00a0<\/strong><\/p>\n<p><strong>Zu den Heilungsversprechen<\/strong><\/p>\n<p>Jedem heilend t\u00e4tigen Menschen ist es untersagt ein Heilungsversprechen abzugeben. Und das finde ich absolut sinnvoll! Denn alles andere w\u00e4re in h\u00f6chstem Ma\u00dfe unseri\u00f6s!<\/p>\n<p>Es gibt auf der ganzen Welt kein Mittel, welches absolut und bei jedem Menschen gegen eine bestimmte Krankheit heilend wirkt. Und damit meine ich die Mittel deren Wirkung als wissenschaftlich nachgewiesen gelten ganz genauso, wie die, um die sich noch kein Wissenschaftler gek\u00fcmmert hat.<\/p>\n<p>Es mag Mittel und Methoden geben, die bei sehr vielen Menschen Wirkung zeigen, doch es gibt immer Ausnahmen.<\/p>\n<p>Doch genauso wie man niemandem Heilung zusichern kann, darf man meiner Meinung nach jemanden als unheilbar krank bezeichnen. Denn auch da hat es immer wieder Ausnahmen gegeben, wo die Wissenschaft (die ja sowieso nicht immer Wissen schafft) vor einem R\u00e4tsel steht.<\/p>\n<p><strong>Bez\u00fcglich meiner Behandlungsmethoden weise ich ausdr\u00fccklich darauf hin, dass ich kein Heilungsversprechen gebe. Alle beschriebenen und aufgef\u00fchrten Wirkungsweisen sind zwar bereits eingetreten und werden das vermutlich wieder tun, k\u00f6nnen aber nicht garantiert werden.<\/strong><\/p>\n<p>&nbsp;<\/p>\n<p>&nbsp;<\/p>\n<p>&nbsp;<\/p>\n<p>&nbsp;<\/p>\n","protected":false},"excerpt":{"rendered":"<p>Lieber Gast, gern stelle ich mich ihnen auf dieser Seite vor. Ich wurde am 04.04.1967 geboren und durfte schon wenige Tage nach diesem Ereignis in dem Haus einziehen, welches ich inzwischen wieder bewohne und wo ich heute meinen kleinen Praxisraum habe. Als Heilpraktikerin bin ich seit dem 1.12.2012 t\u00e4tig. Nebenbei schreibe ich Romane und Kurzgeschichten [&hellip;]<\/p>\n","protected":false},"author":1,"featured_media":0,"parent":0,"menu_order":0,"comment_status":"closed","ping_status":"closed","template":"","meta":{"footnotes":""},"class_list":["post-14","page","type-page","status-publish","hentry"],"_links":{"self":[{"href":"http:\/\/hp-michel.de\/index.php?rest_route=\/wp\/v2\/pages\/14","targetHints":{"allow":["GET"]}}],"collection":[{"href":"http:\/\/hp-michel.de\/index.php?rest_route=\/wp\/v2\/pages"}],"about":[{"href":"http:\/\/hp-michel.de\/index.php?rest_route=\/wp\/v2\/types\/page"}],"author":[{"embeddable":true,"href":"http:\/\/hp-michel.de\/index.php?rest_route=\/wp\/v2\/users\/1"}],"replies":[{"embeddable":true,"href":"http:\/\/hp-michel.de\/index.php?rest_route=%2Fwp%2Fv2%2Fcomments&post=14"}],"version-history":[{"count":7,"href":"http:\/\/hp-michel.de\/index.php?rest_route=\/wp\/v2\/pages\/14\/revisions"}],"predecessor-version":[{"id":416,"href":"http:\/\/hp-michel.de\/index.php?rest_route=\/wp\/v2\/pages\/14\/revisions\/416"}],"wp:attachment":[{"href":"http:\/\/hp-michel.de\/index.php?rest_route=%2Fwp%2Fv2%2Fmedia&parent=14"}],"curies":[{"name":"wp","href":"https:\/\/api.w.org\/{rel}","templated":true}]}}