{"id":185,"date":"2017-02-24T08:32:30","date_gmt":"2017-02-24T07:32:30","guid":{"rendered":"http:\/\/hp-michel.de\/?page_id=185"},"modified":"2018-02-14T22:44:07","modified_gmt":"2018-02-14T21:44:07","slug":"taping","status":"publish","type":"page","link":"http:\/\/hp-michel.de\/?page_id=185","title":{"rendered":"Taping"},"content":{"rendered":"<p><b>Kinesio-Taping\u00a0<\/b>wurde Anfang der 70er Jahre von dem japanischen Arzt und Chirotherapeuten Dr. Kenzo Kase entwickelt. Ungew\u00f6hnlich war hierbei, dass er mit dehnbarem Material arbeitete.<\/p>\n<p>Der Begriff Kinesio-Taping setzt sich zusammen aus \u201eKinesis\u201d = bewegung\u201d und \u201eTaping\u201d = kleben\/befestigen\u201d.<\/p>\n<p>Da die Tapes meist vorgedehnt \u00fcber Muskel- oder Gelenkzonen geklebt\u00a0 werden, kommt es aufgrund der wellenartigen Klebebereiche bei Bewegungen zu einer permanenten Verschiebung der Haut gegen die Unterhaut bzw des Muskels. Auf diese Weise werden die betroffenen Muskel-, B\u00e4nder- oder Gelenkareale st\u00e4ndig sanft massiert, was zus\u00e4tzlich die Lymphe angeregt. (\u00dcber die Lymphe werden Gift- und Abfallstoffe aus den Zellen heraus \u00fcber die Lympfbahnen abtransportiert)<\/p>\n<p>Im Gegensatz zu einem herk\u00f6mmlichen starren Verband, wird mit dem Tape keine Ruhigstellung erwirkt, sondern das beklebte Gebiet sanft massiert und in seiner Bewegung unterst\u00fctzt. Da der Schmerz meist sofort gelindert wird und das Gelenk sich stabiler anf\u00fchlt, werden Schonhaltungen und die sich daraus ergebenden Folgeprobleme wie Verspannungen vermieden.<br \/>\nSelbst bei bereits vorhandenen Verspannungen, wirken sie durch ihre sanfte Massage und den zus\u00e4tzlichen Halt entspannend und damit schmerzlindernd.<\/p>\n","protected":false},"excerpt":{"rendered":"<p>Kinesio-Taping\u00a0wurde Anfang der 70er Jahre von dem japanischen Arzt und Chirotherapeuten Dr. Kenzo Kase entwickelt. Ungew\u00f6hnlich war hierbei, dass er mit dehnbarem Material arbeitete. Der Begriff Kinesio-Taping setzt sich zusammen aus \u201eKinesis\u201d = bewegung\u201d und \u201eTaping\u201d = kleben\/befestigen\u201d. Da die Tapes meist vorgedehnt \u00fcber Muskel- oder Gelenkzonen geklebt\u00a0 werden, kommt es aufgrund der wellenartigen Klebebereiche [&hellip;]<\/p>\n","protected":false},"author":2,"featured_media":0,"parent":195,"menu_order":0,"comment_status":"closed","ping_status":"closed","template":"","meta":{"footnotes":""},"class_list":["post-185","page","type-page","status-publish","hentry"],"_links":{"self":[{"href":"http:\/\/hp-michel.de\/index.php?rest_route=\/wp\/v2\/pages\/185","targetHints":{"allow":["GET"]}}],"collection":[{"href":"http:\/\/hp-michel.de\/index.php?rest_route=\/wp\/v2\/pages"}],"about":[{"href":"http:\/\/hp-michel.de\/index.php?rest_route=\/wp\/v2\/types\/page"}],"author":[{"embeddable":true,"href":"http:\/\/hp-michel.de\/index.php?rest_route=\/wp\/v2\/users\/2"}],"replies":[{"embeddable":true,"href":"http:\/\/hp-michel.de\/index.php?rest_route=%2Fwp%2Fv2%2Fcomments&post=185"}],"version-history":[{"count":4,"href":"http:\/\/hp-michel.de\/index.php?rest_route=\/wp\/v2\/pages\/185\/revisions"}],"predecessor-version":[{"id":322,"href":"http:\/\/hp-michel.de\/index.php?rest_route=\/wp\/v2\/pages\/185\/revisions\/322"}],"up":[{"embeddable":true,"href":"http:\/\/hp-michel.de\/index.php?rest_route=\/wp\/v2\/pages\/195"}],"wp:attachment":[{"href":"http:\/\/hp-michel.de\/index.php?rest_route=%2Fwp%2Fv2%2Fmedia&parent=185"}],"curies":[{"name":"wp","href":"https:\/\/api.w.org\/{rel}","templated":true}]}}