{"id":195,"date":"2017-02-24T08:30:34","date_gmt":"2017-02-24T07:30:34","guid":{"rendered":"http:\/\/hp-michel.de\/?page_id=195"},"modified":"2018-02-14T23:45:45","modified_gmt":"2018-02-14T22:45:45","slug":"bahandlung","status":"publish","type":"page","link":"http:\/\/hp-michel.de\/?page_id=195","title":{"rendered":"Behandlung"},"content":{"rendered":"<p>In den folgenden Unterpunkten finden Sie einige meiner Behandlungsmethoden. Allerdings bitte ich um Verst\u00e4ndnis, dass dieser Bereich noch weit von einer umfassenden bzw. vollst\u00e4ndigen Beschreibung meiner T\u00e4tigkeit entfernt ist.<br \/>\nSo ist es derzeit schlichtweg schwierig f\u00fcr mich auf den Seiten einer Homepage auf so umfangreiche Themen, wie Entgiftung, Ents\u00e4uerung, Mangelerscheinungen, individuell sinnvoller Ern\u00e4hrung, NEMs und Kr\u00e4uter einzugehen. Obwohl genau diese Themen h\u00e4ufig sehr zentrale Punkte bei der Behandlung von Beschwerden darstellen.<\/p>\n<p>Bei Fragen zu diesen Themen stehe ich ihnen gern unter 04934 221 448 zur Verf\u00fcgung.<\/p>\n","protected":false},"excerpt":{"rendered":"<p>In den folgenden Unterpunkten finden Sie einige meiner Behandlungsmethoden. Allerdings bitte ich um Verst\u00e4ndnis, dass dieser Bereich noch weit von einer umfassenden bzw. vollst\u00e4ndigen Beschreibung meiner T\u00e4tigkeit entfernt ist. So ist es derzeit schlichtweg schwierig f\u00fcr mich auf den Seiten einer Homepage auf so umfangreiche Themen, wie Entgiftung, Ents\u00e4uerung, Mangelerscheinungen, individuell sinnvoller Ern\u00e4hrung, NEMs und [&hellip;]<\/p>\n","protected":false},"author":1,"featured_media":0,"parent":14,"menu_order":0,"comment_status":"closed","ping_status":"closed","template":"","meta":{"footnotes":""},"class_list":["post-195","page","type-page","status-publish","hentry"],"_links":{"self":[{"href":"http:\/\/hp-michel.de\/index.php?rest_route=\/wp\/v2\/pages\/195","targetHints":{"allow":["GET"]}}],"collection":[{"href":"http:\/\/hp-michel.de\/index.php?rest_route=\/wp\/v2\/pages"}],"about":[{"href":"http:\/\/hp-michel.de\/index.php?rest_route=\/wp\/v2\/types\/page"}],"author":[{"embeddable":true,"href":"http:\/\/hp-michel.de\/index.php?rest_route=\/wp\/v2\/users\/1"}],"replies":[{"embeddable":true,"href":"http:\/\/hp-michel.de\/index.php?rest_route=%2Fwp%2Fv2%2Fcomments&post=195"}],"version-history":[{"count":4,"href":"http:\/\/hp-michel.de\/index.php?rest_route=\/wp\/v2\/pages\/195\/revisions"}],"predecessor-version":[{"id":325,"href":"http:\/\/hp-michel.de\/index.php?rest_route=\/wp\/v2\/pages\/195\/revisions\/325"}],"up":[{"embeddable":true,"href":"http:\/\/hp-michel.de\/index.php?rest_route=\/wp\/v2\/pages\/14"}],"wp:attachment":[{"href":"http:\/\/hp-michel.de\/index.php?rest_route=%2Fwp%2Fv2%2Fmedia&parent=195"}],"curies":[{"name":"wp","href":"https:\/\/api.w.org\/{rel}","templated":true}]}}