{"id":2,"date":"2017-02-02T12:58:09","date_gmt":"2017-02-02T11:58:09","guid":{"rendered":"http:\/\/hp-michel.de\/?page_id=2"},"modified":"2017-02-12T18:31:07","modified_gmt":"2017-02-12T17:31:07","slug":"beispiel-seite","status":"publish","type":"page","link":"http:\/\/hp-michel.de\/?page_id=2","title":{"rendered":"St\u00f6rtebekers letzter Hafen"},"content":{"rendered":"<p><img loading=\"lazy\" decoding=\"async\" class=\"size-medium wp-image-119 alignleft\" src=\"http:\/\/hp-michel.de\/wp-content\/uploads\/2017\/02\/St\u00f6rti-mittel-195x300.jpg\" alt=\"\" width=\"195\" height=\"300\" srcset=\"http:\/\/hp-michel.de\/wp-content\/uploads\/2017\/02\/St\u00f6rti-mittel-195x300.jpg 195w, http:\/\/hp-michel.de\/wp-content\/uploads\/2017\/02\/St\u00f6rti-mittel-768x1180.jpg 768w, http:\/\/hp-michel.de\/wp-content\/uploads\/2017\/02\/St\u00f6rti-mittel-666x1024.jpg 666w, http:\/\/hp-michel.de\/wp-content\/uploads\/2017\/02\/St\u00f6rti-mittel-900x1383.jpg 900w, http:\/\/hp-michel.de\/wp-content\/uploads\/2017\/02\/St\u00f6rti-mittel-1280x1967.jpg 1280w, http:\/\/hp-michel.de\/wp-content\/uploads\/2017\/02\/St\u00f6rti-mittel.jpg 1920w\" sizes=\"auto, (max-width: 195px) 100vw, 195px\" \/><\/p>\n<p>Als Klaus St\u00f6rtebeker zum ersten Mal seinen Fu\u00df neben der Marienkirche in dem kleinen Marienhafe an Land setzt, ist er zutiefst ersch\u00fcttert \u00fcber die bittere Armut der Menschen dort. Da der versteckt liegende Hafen einen idealen \u00a0\u00dcberwinterungsort f\u00fcr ihn darstellt und es ihm und seinen Leuten nicht an Gold fehlt, um den Bewohnern zu helfen, wird Marienhafe zum Heimathafen seiner Kogge De rode D\u00fcvel.<br \/>\nMit List und Geschick spielt er fortan von dort aus der Hanse, die die Ostfriesen bislang gnadenlos ausgebeutet hat, einen Streich nach dem anderen und l\u00e4sst die Bev\u00f6lkerung gern an seiner Beute teilhaben.<br \/>\nBesonders hat es ihm jedoch die h\u00fcbsche Tiada Wiardsna von der Burg Upgant angetan. F\u00fcr \u00a0eine Zukunft mit ihr will er gern das Entermesser zur Seite legen und ein Kaufmann wie sein Vater werden.<br \/>\nSchon scheint es, als w\u00fcrde ihm das gelingen, als die Hanse seine Pl\u00e4ne hinterlistig und \u00fcber Nacht durchkreuzt.<\/p>\n<p><img loading=\"lazy\" decoding=\"async\" class=\"size-medium wp-image-120 aligncenter\" src=\"http:\/\/hp-michel.de\/wp-content\/uploads\/2017\/02\/Artikel-259x300.jpg\" alt=\"\" width=\"259\" height=\"300\" srcset=\"http:\/\/hp-michel.de\/wp-content\/uploads\/2017\/02\/Artikel-259x300.jpg 259w, http:\/\/hp-michel.de\/wp-content\/uploads\/2017\/02\/Artikel-768x888.jpg 768w, http:\/\/hp-michel.de\/wp-content\/uploads\/2017\/02\/Artikel-885x1024.jpg 885w, http:\/\/hp-michel.de\/wp-content\/uploads\/2017\/02\/Artikel-900x1041.jpg 900w, http:\/\/hp-michel.de\/wp-content\/uploads\/2017\/02\/Artikel-1280x1480.jpg 1280w\" sizes=\"auto, (max-width: 259px) 100vw, 259px\" \/><\/p>\n","protected":false},"excerpt":{"rendered":"<p>Als Klaus St\u00f6rtebeker zum ersten Mal seinen Fu\u00df neben der Marienkirche in dem kleinen Marienhafe an Land setzt, ist er zutiefst ersch\u00fcttert \u00fcber die bittere Armut der Menschen dort. Da der versteckt liegende Hafen einen idealen \u00a0\u00dcberwinterungsort f\u00fcr ihn darstellt und es ihm und seinen Leuten nicht an Gold fehlt, um den Bewohnern zu helfen, [&hellip;]<\/p>\n","protected":false},"author":1,"featured_media":0,"parent":0,"menu_order":0,"comment_status":"closed","ping_status":"open","template":"","meta":{"footnotes":""},"class_list":["post-2","page","type-page","status-publish","hentry"],"_links":{"self":[{"href":"http:\/\/hp-michel.de\/index.php?rest_route=\/wp\/v2\/pages\/2","targetHints":{"allow":["GET"]}}],"collection":[{"href":"http:\/\/hp-michel.de\/index.php?rest_route=\/wp\/v2\/pages"}],"about":[{"href":"http:\/\/hp-michel.de\/index.php?rest_route=\/wp\/v2\/types\/page"}],"author":[{"embeddable":true,"href":"http:\/\/hp-michel.de\/index.php?rest_route=\/wp\/v2\/users\/1"}],"replies":[{"embeddable":true,"href":"http:\/\/hp-michel.de\/index.php?rest_route=%2Fwp%2Fv2%2Fcomments&post=2"}],"version-history":[{"count":5,"href":"http:\/\/hp-michel.de\/index.php?rest_route=\/wp\/v2\/pages\/2\/revisions"}],"predecessor-version":[{"id":121,"href":"http:\/\/hp-michel.de\/index.php?rest_route=\/wp\/v2\/pages\/2\/revisions\/121"}],"wp:attachment":[{"href":"http:\/\/hp-michel.de\/index.php?rest_route=%2Fwp%2Fv2%2Fmedia&parent=2"}],"curies":[{"name":"wp","href":"https:\/\/api.w.org\/{rel}","templated":true}]}}