{"id":244,"date":"2017-09-13T14:08:36","date_gmt":"2017-09-13T12:08:36","guid":{"rendered":"http:\/\/hp-michel.de\/?page_id=244"},"modified":"2018-01-23T14:26:57","modified_gmt":"2018-01-23T13:26:57","slug":"energiemassage","status":"publish","type":"page","link":"http:\/\/hp-michel.de\/?page_id=244","title":{"rendered":"Energiemassage"},"content":{"rendered":"<h2>Energiemassage auf dem Massagestuhl<\/h2>\n<p>Da der Massagestuhl in Sekunden aufgestellt ist und die Massage direkt auf der Kleidung durchgef\u00fchrt wird, ist sie an nahezu allen Orten praktizierbar.<\/p>\n<p>Ziel dieser Massage ist es nicht, bestimmte Muskel und Muskelgruppen kr\u00e4ftig zu kneten und zu bearbeiten, sondern den ganzen K\u00f6rper mit sanften, liebevollen Ber\u00fchrungen<img loading=\"lazy\" decoding=\"async\" class=\"size-medium wp-image-273 alignleft\" src=\"http:\/\/hp-michel.de\/wp-content\/uploads\/2017\/02\/DSCI0314-225x300.jpg\" alt=\"\" width=\"225\" height=\"300\" srcset=\"http:\/\/hp-michel.de\/wp-content\/uploads\/2017\/02\/DSCI0314-225x300.jpg 225w, http:\/\/hp-michel.de\/wp-content\/uploads\/2017\/02\/DSCI0314-768x1024.jpg 768w, http:\/\/hp-michel.de\/wp-content\/uploads\/2017\/02\/DSCI0314-900x1200.jpg 900w, http:\/\/hp-michel.de\/wp-content\/uploads\/2017\/02\/DSCI0314-1280x1707.jpg 1280w\" sizes=\"auto, (max-width: 225px) 100vw, 225px\" \/> in einen Wohlf\u00fchlzustand zu bringen, in dem er sich entspannen, lockern und auftanken kann.<\/p>\n<p>Sanftes Dr\u00fccken von Energiepunkten geh\u00f6rt ggf. ebenso dazu, wie das Ausl\u00f6sen schaukelnder Bewegungen, angenehmer Streichungen und die Anregung der Selbstheilungskr\u00e4fte durch Anwendung von Methoden aus der Quantenenergie.<\/p>\n<p>Insgesamt l\u00e4sst sich sagen, dass diese Massage eine wunderbare Methode ist, in kurzer Zeit optimal zu entspannen. Wodurch sie auch wunderbar in den B\u00fcroalltag zu integrieren ist.<\/p>\n<p>Gern komme ich mit meinem Stuhl nat\u00fcrlich auch zu Ihnen ins B\u00fcro oder nach Hause.<br \/>\nBitte beachten Sie dazu meine Hinweise in der Liste der Massagepreise.<\/p>\n<p>&nbsp;<\/p>\n","protected":false},"excerpt":{"rendered":"<p>Energiemassage auf dem Massagestuhl Da der Massagestuhl in Sekunden aufgestellt ist und die Massage direkt auf der Kleidung durchgef\u00fchrt wird, ist sie an nahezu allen Orten praktizierbar. Ziel dieser Massage ist es nicht, bestimmte Muskel und Muskelgruppen kr\u00e4ftig zu kneten und zu bearbeiten, sondern den ganzen K\u00f6rper mit sanften, liebevollen Ber\u00fchrungen in einen Wohlf\u00fchlzustand zu [&hellip;]<\/p>\n","protected":false},"author":2,"featured_media":0,"parent":33,"menu_order":0,"comment_status":"closed","ping_status":"closed","template":"","meta":{"footnotes":""},"class_list":["post-244","page","type-page","status-publish","hentry"],"_links":{"self":[{"href":"http:\/\/hp-michel.de\/index.php?rest_route=\/wp\/v2\/pages\/244","targetHints":{"allow":["GET"]}}],"collection":[{"href":"http:\/\/hp-michel.de\/index.php?rest_route=\/wp\/v2\/pages"}],"about":[{"href":"http:\/\/hp-michel.de\/index.php?rest_route=\/wp\/v2\/types\/page"}],"author":[{"embeddable":true,"href":"http:\/\/hp-michel.de\/index.php?rest_route=\/wp\/v2\/users\/2"}],"replies":[{"embeddable":true,"href":"http:\/\/hp-michel.de\/index.php?rest_route=%2Fwp%2Fv2%2Fcomments&post=244"}],"version-history":[{"count":5,"href":"http:\/\/hp-michel.de\/index.php?rest_route=\/wp\/v2\/pages\/244\/revisions"}],"predecessor-version":[{"id":274,"href":"http:\/\/hp-michel.de\/index.php?rest_route=\/wp\/v2\/pages\/244\/revisions\/274"}],"up":[{"embeddable":true,"href":"http:\/\/hp-michel.de\/index.php?rest_route=\/wp\/v2\/pages\/33"}],"wp:attachment":[{"href":"http:\/\/hp-michel.de\/index.php?rest_route=%2Fwp%2Fv2%2Fmedia&parent=244"}],"curies":[{"name":"wp","href":"https:\/\/api.w.org\/{rel}","templated":true}]}}