{"id":33,"date":"2017-02-03T10:57:00","date_gmt":"2017-02-03T09:57:00","guid":{"rendered":"http:\/\/hp-michel.de\/?page_id=33"},"modified":"2017-09-14T22:59:08","modified_gmt":"2017-09-14T20:59:08","slug":"lomi-lomi-massage","status":"publish","type":"page","link":"http:\/\/hp-michel.de\/?page_id=33","title":{"rendered":"Massagen"},"content":{"rendered":"<p>Dass Massagen sich auf K\u00f6rper und Geist gleicherma\u00dfen positiv auswirken, ist unterdessen eine weit verbreitete Erkenntnis, die sogar in \u00c4rztekreisen immer mehr Zuspruch findet. Doch im Gegensatz zu fr\u00fcher, werden die meisten Massagen heute nicht mehr verordnet, sondern man g\u00f6nnt sie sich.<\/p>\n<p>Die klassische, wohltuende Ganzk\u00f6rpermassage l\u00f6st ebenso Blockaden, wie sie Energie und gute Laune spendet. Nebenbei l\u00e4sst sie durch die Anregung der Durchblutung und die hochwertigen Inhaltsstoffe der rein pflanzlichen Bio\u00f6le auch die Haut sch\u00f6ner werden und das Immunsystem aktiv werden. Alle Sinne erbl\u00fchen und bewirken ein inneres L\u00e4cheln.<\/p>\n<p>Eine Wellness-Massage bedeutet, mit allen Sinnen zu sp\u00fcren und zu genie\u00dfen,\u00a0und dabei den inneren Akku mit positiven Energien und Wohlbefinden <img loading=\"lazy\" decoding=\"async\" class=\"size-medium wp-image-104 alignright\" src=\"http:\/\/hp-michel.de\/wp-content\/uploads\/2017\/02\/H-Massageraum-Praxis-300x225.jpg\" alt=\"\" width=\"300\" height=\"225\" srcset=\"http:\/\/hp-michel.de\/wp-content\/uploads\/2017\/02\/H-Massageraum-Praxis-300x225.jpg 300w, http:\/\/hp-michel.de\/wp-content\/uploads\/2017\/02\/H-Massageraum-Praxis-768x576.jpg 768w, http:\/\/hp-michel.de\/wp-content\/uploads\/2017\/02\/H-Massageraum-Praxis-1024x768.jpg 1024w, http:\/\/hp-michel.de\/wp-content\/uploads\/2017\/02\/H-Massageraum-Praxis-900x675.jpg 900w, http:\/\/hp-michel.de\/wp-content\/uploads\/2017\/02\/H-Massageraum-Praxis-1280x960.jpg 1280w\" sizes=\"auto, (max-width: 300px) 100vw, 300px\" \/>aufzuladen. Kurz: Einmal von Kopf bis Fu\u00df \u2013 oder war es eher von Fu\u00df bis Kopf?\u00a0 \u2013 verw\u00f6hnen lassen!<\/p>\n<p>Dass Massagen auch heilsam wirken k\u00f6nnen, ist nicht neu. Die Menschen aus unterschiedlichsten Kulturen wussten schon lange vor unserer Zeitrechnung darum. Vor rund 5000 Jahren galten sie bereits bei den Indern als\u00a0 wirksame Methode zur Erhaltung der Gesundheit. Doch auch in der chinesischen Heilkunde werden sie seit dieser Zeit angewandt und besitzen daher eine lange Tradition. Und auch \u00e4gyptische Darstellungen zeigen, dass ihnen Massagen in der Heilkunst nicht unbekannt waren.<br \/>\nHippokrates war sogar der \u00dcberzeugung, dass jeder Arzt diese Kunst beherrschen sollte, woraus die Erkenntnis entstand, dass Massagen heilend, entspannend und gesundheitsf\u00f6rdernd sind.<\/p>\n<p><strong>Die Grenze zwischen Heil- und Entspannungsmassage<\/strong><br \/>\nist zugegeben<img loading=\"lazy\" decoding=\"async\" class=\"size-medium wp-image-288 alignleft\" src=\"http:\/\/hp-michel.de\/wp-content\/uploads\/2017\/02\/Steinfigur-oH-171x300.png\" alt=\"\" width=\"171\" height=\"300\" srcset=\"http:\/\/hp-michel.de\/wp-content\/uploads\/2017\/02\/Steinfigur-oH-171x300.png 171w, http:\/\/hp-michel.de\/wp-content\/uploads\/2017\/02\/Steinfigur-oH-768x1347.png 768w, http:\/\/hp-michel.de\/wp-content\/uploads\/2017\/02\/Steinfigur-oH-584x1024.png 584w, http:\/\/hp-michel.de\/wp-content\/uploads\/2017\/02\/Steinfigur-oH-900x1578.png 900w, http:\/\/hp-michel.de\/wp-content\/uploads\/2017\/02\/Steinfigur-oH-1280x2245.png 1280w\" sizes=\"auto, (max-width: 171px) 100vw, 171px\" \/>erma\u00dfen oft nicht ganz klar zu definieren.<\/p>\n<p>Eine gute Massage, auch wenn sie &#8222;nur&#8220;<br \/>\neine Entspannungsmassage ist, tut gut, l\u00f6st Verspannungen und lindert damit Schmerzen. Ist sie damit auch schon eine Heilmassage? Dar\u00fcber lie\u00dfe sich etwa so lange streiten, wie \u00fcber die Frage, ob ein K\u00fcchenkraut bereits ein Heilkraut ist.<\/p>\n<p>Der f\u00fcr mich am einfachsten auszumachende Unterschied ist das Gef\u00fchl im Augenblick der Massage. W\u00e4hrend die Entspannungsmassage sich ausschlie\u00dflich angenehm und wohltuend anf\u00fchlen sollte, ist das bei der Heilmassage nicht immer der Fall. Oftmals geht der Besserung hier ein Schmerz voraus, weil sich durch sanfte Ber\u00fchrungen keine tiefen Verspannungen, Triggerpunkte und verklebte Faszien und Sehnen l\u00f6sen lassen. \u00a0Dennoch wird der Schmerz beim L\u00f6sen solcher Spannungsfelder oft als wohltuender Schmerz bezeichnet.<\/p>\n<h5>Massagen bewirken:<\/h5>\n<ul>\n<li>Stressminderung<\/li>\n<li>bessere Schlafeigenschaften<\/li>\n<li>Linderung bei Kopfschmerzen und Migr\u00e4ne<\/li>\n<li>Hilfe bei R\u00fccken- &amp; Nackenproblemen<\/li>\n<li>Lockerung vieler Muskelbereiche<\/li>\n<li>Leistungssteigerung<\/li>\n<li>eine allgemeine Entspannung<\/li>\n<\/ul>\n<p><strong>\u00a0Zu einer Massage bei mir geh\u00f6rt unter anderem:\u00a0<\/strong><\/p>\n<ul>\n<li>Erstgespr\u00e4ch (planen Sie beim ersten Mal etwa 15 Min. vorab ein)<\/li>\n<li>ruhiges Ambiente im Massageraum<\/li>\n<li>gro\u00dfe, beheizbare und sehr bequeme Massageliege \u00a0mit einer extradicken Polsterung und ergonomischer Kopfst\u00fctze<\/li>\n<li>hochwertiges, naturreines Massage\u00f6l<\/li>\n<li>gro\u00dfe und flauschige T\u00fccher<\/li>\n<li>Energetisiertes Mineralwasser w\u00e4hrend und nach der Massage<\/li>\n<\/ul>\n<p>Der Vollst\u00e4ndigkeit halber m\u00f6chte ich an dieser Stelle darauf hinweisen, dass ich keinerlei Erotikmassagen durchf\u00fchre.<\/p>\n","protected":false},"excerpt":{"rendered":"<p>Dass Massagen sich auf K\u00f6rper und Geist gleicherma\u00dfen positiv auswirken, ist unterdessen eine weit verbreitete Erkenntnis, die sogar in \u00c4rztekreisen immer mehr Zuspruch findet. Doch im Gegensatz zu fr\u00fcher, werden die meisten Massagen heute nicht mehr verordnet, sondern man g\u00f6nnt sie sich. Die klassische, wohltuende Ganzk\u00f6rpermassage l\u00f6st ebenso Blockaden, wie sie Energie und gute Laune [&hellip;]<\/p>\n","protected":false},"author":1,"featured_media":0,"parent":14,"menu_order":0,"comment_status":"closed","ping_status":"closed","template":"","meta":{"footnotes":""},"class_list":["post-33","page","type-page","status-publish","hentry"],"_links":{"self":[{"href":"http:\/\/hp-michel.de\/index.php?rest_route=\/wp\/v2\/pages\/33","targetHints":{"allow":["GET"]}}],"collection":[{"href":"http:\/\/hp-michel.de\/index.php?rest_route=\/wp\/v2\/pages"}],"about":[{"href":"http:\/\/hp-michel.de\/index.php?rest_route=\/wp\/v2\/types\/page"}],"author":[{"embeddable":true,"href":"http:\/\/hp-michel.de\/index.php?rest_route=\/wp\/v2\/users\/1"}],"replies":[{"embeddable":true,"href":"http:\/\/hp-michel.de\/index.php?rest_route=%2Fwp%2Fv2%2Fcomments&post=33"}],"version-history":[{"count":11,"href":"http:\/\/hp-michel.de\/index.php?rest_route=\/wp\/v2\/pages\/33\/revisions"}],"predecessor-version":[{"id":289,"href":"http:\/\/hp-michel.de\/index.php?rest_route=\/wp\/v2\/pages\/33\/revisions\/289"}],"up":[{"embeddable":true,"href":"http:\/\/hp-michel.de\/index.php?rest_route=\/wp\/v2\/pages\/14"}],"wp:attachment":[{"href":"http:\/\/hp-michel.de\/index.php?rest_route=%2Fwp%2Fv2%2Fmedia&parent=33"}],"curies":[{"name":"wp","href":"https:\/\/api.w.org\/{rel}","templated":true}]}}