{"id":377,"date":"2019-01-08T22:01:12","date_gmt":"2019-01-08T21:01:12","guid":{"rendered":"http:\/\/hp-michel.de\/?page_id=377"},"modified":"2019-01-09T09:58:18","modified_gmt":"2019-01-09T08:58:18","slug":"klangschalenmassage","status":"publish","type":"page","link":"http:\/\/hp-michel.de\/?page_id=377","title":{"rendered":"Klangschalenmassage"},"content":{"rendered":"<p>Die Welt ist Klang, meinen die alten Veden, wenn sie \u201eNada Brahma\u201c sagten. Und ihrer Auffassung nach ist der Kosmos aus Klang entstanden. Ger\u00e4usche sind vermutlich das erste was ein Mensch wahrnimmt. Und zwar noch bevor er geboren wird. Diese Ger\u00e4usche im Mutterleib standen f\u00fcr absolute Geborgenheit. Die T\u00f6ne der Klangschalen scheinen eine \u00e4hnliche Wirkung auf uns zu haben. Erinnern sie uns vielleicht unbewusst an diese Zeit des urspr\u00fcnglichen Vertrauens?<\/p>\n<p><img loading=\"lazy\" decoding=\"async\" class=\"size-medium wp-image-378 alignleft\" src=\"http:\/\/hp-michel.de\/wp-content\/uploads\/2019\/01\/IMG_3454-300x200.jpg\" alt=\"\" width=\"300\" height=\"200\" srcset=\"http:\/\/hp-michel.de\/wp-content\/uploads\/2019\/01\/IMG_3454-300x200.jpg 300w, http:\/\/hp-michel.de\/wp-content\/uploads\/2019\/01\/IMG_3454-768x512.jpg 768w, http:\/\/hp-michel.de\/wp-content\/uploads\/2019\/01\/IMG_3454-1024x683.jpg 1024w, http:\/\/hp-michel.de\/wp-content\/uploads\/2019\/01\/IMG_3454-900x600.jpg 900w, http:\/\/hp-michel.de\/wp-content\/uploads\/2019\/01\/IMG_3454-1280x853.jpg 1280w\" sizes=\"auto, (max-width: 300px) 100vw, 300px\" \/>Wie auch immer: Eine Klangschalenmassage ist mehr als nur das H\u00f6ren von T\u00f6nen. Eine Klangschalenmassage kann die Schranken zwischen K\u00f6rper, Geist und Seele aufheben und damit die Selbstheilungskr\u00e4fte aktivieren.<br \/>\nDurch den Einsatz verschiedenster Klanginstrumente werden schon seit tausenden von Jahren die K\u00f6rperfl\u00fcssigkeiten bis tief in die Zellen angeregt und zum Schwingen gebracht. Forscher haben herausgefunden, dass jede gesunde K\u00f6rperzelle in den T\u00f6nen C und D \u201esingt\u201c. Doch in einer Zeit des st\u00e4ndigen Stresses und der Hektik werden die erstarrten und schweigenden Zellen immer mehr. Oft werden diese Erstarrungen auch Blockaden genannt. Die Zellen arbeiten nur noch langsam, sie entsorgen ihren \u201eM\u00fcll\u201c nur noch unzureichend, nehmen zu wenig Nahrung und Sauerstoff auf und kommunizieren nur noch unzureichend untereinander.<br \/>\nBei einer Klangschalenmassage werden auch diese erstarrten Zellen erreicht. Sie beginnen wieder zu schwingen und finden zu ihrem eigenen Rhythmus zur\u00fcck. Sie beginnen wieder mit den anderen Zellen zu kommunizieren und zu singen. Sie entsorgen wieder ihren M\u00fcll und nehmen mehr Sauerstoff und N\u00e4hrstoffe auf. Der Zellstoffwechsel funktioniert wieder. Viele Menschen bemerken daher nach einer Klangschalenmassage, dass sie einen deutlich h\u00e4ufigeren Harndrang versp\u00fcren. Das ist ein gutes Zeichen und sollte durch vermehrte Fl\u00fcssigkeitszufuhr unterst\u00fctzt werden. Aber bitte nur mit reinem, klarem Wasser. Denn der K\u00f6rper befindet sich in einem Reinigungsprozess und wer schon einmal versucht hat, mit Cola, Fanta oder Bier eine Fensterscheibe zu putzen, wird verstehen, warum hier klares Wasser einfach die bessere Wahl ist.<br \/>\nW\u00e4hrend der Massage wird oft festgestellt, dass die Vibrationen sich mit der Zeit immer weiter ausbreiten. Der Atem wird ruhiger, die Muskeln entspannen und lockern sich. Alttagssorgen und \u00c4ngste r\u00fccken in den Hintergrund.<\/p>\n<p>&nbsp;<\/p>\n<p>Die Wirkung der Kl\u00e4nge einmal kurz zusammengefasst:<\/p>\n<ul>\n<li>tiefe Entspannung<\/li>\n<li>Stress wird reduziert<\/li>\n<li>beruhigt Atem, Herz und Nervensystem<\/li>\n<li>hilft k\u00f6rperliche und seelische Blockaden zu l\u00f6sen<\/li>\n<li>hilft Verspannungen zu l\u00f6sen<\/li>\n<li>wirkt harmonisierend<\/li>\n<li>aktiviert und st\u00e4rkt die Selbstheilungskraft<\/li>\n<li>regt die Entgiftung und Entschlackung des K\u00f6rpers an<\/li>\n<li>anregend f\u00fcr Stoffwechsel, Verdauungssystem<\/li>\n<li>verbessert die Durchblutung<\/li>\n<li>verbessert die Selbst- und K\u00f6rperwahrnehmung<\/li>\n<li>hilft beim Loslassen von Emotionen, Gedanken<\/li>\n<li>balanciert die Chakren<\/li>\n<li>f\u00f6rdert die Bewusstseinsentwicklung<\/li>\n<li>unterst\u00fctzt Ver\u00e4nderungsprozesse<\/li>\n<li>l\u00e4sst neue M\u00f6glichkeiten und Wege erkennen<\/li>\n<li>erh\u00f6ht die eigene Schwingungsfrequenz<\/li>\n<\/ul>\n<p>&nbsp;<\/p>\n<h4>Ablauf<\/h4>\n<p>Jeder Mensch hat seine Vorlieben und Abneigungen. Das trifft auch auf die Klangschalen zu. Deshalb suchen wir vor Beginn der eigentlichen Massage gemeinsam die richtigen Schalen aus. F\u00fcr die Klangschalenmassage legen Sie sich voll bekleidet auf die weiche, leicht angew\u00e4rmte Liege. Auf Wunsch reiche ich auch gern eine kuschelige Decke. In aller Regel tr\u00e4gt die Bauchlage zu einer schnelleren Entspannung bei, aber nat\u00fcrlich ist auch die R\u00fcckenlage m\u00f6glich. Die ausgew\u00e4hlten Schalen setze ich nun auf den K\u00f6rper. Daf\u00fcr spiele ich jede Schale an und f\u00fchre sie \u00fcber den K\u00f6rper, wo der Klang mir zeigt, welche Position die Beste ist. Wenn alle Schalen ihren Platz gefunden haben \u2013 der muss nicht immer unmittelbar auf dem K\u00f6rper sein \u2013 beginne ich die Schalen sanft anzuspielen.<\/p>\n","protected":false},"excerpt":{"rendered":"<p>Die Welt ist Klang, meinen die alten Veden, wenn sie \u201eNada Brahma\u201c sagten. Und ihrer Auffassung nach ist der Kosmos aus Klang entstanden. Ger\u00e4usche sind vermutlich das erste was ein Mensch wahrnimmt. Und zwar noch bevor er geboren wird. Diese Ger\u00e4usche im Mutterleib standen f\u00fcr absolute Geborgenheit. Die T\u00f6ne der Klangschalen scheinen eine \u00e4hnliche Wirkung [&hellip;]<\/p>\n","protected":false},"author":2,"featured_media":0,"parent":33,"menu_order":0,"comment_status":"closed","ping_status":"closed","template":"","meta":{"footnotes":""},"class_list":["post-377","page","type-page","status-publish","hentry"],"_links":{"self":[{"href":"http:\/\/hp-michel.de\/index.php?rest_route=\/wp\/v2\/pages\/377","targetHints":{"allow":["GET"]}}],"collection":[{"href":"http:\/\/hp-michel.de\/index.php?rest_route=\/wp\/v2\/pages"}],"about":[{"href":"http:\/\/hp-michel.de\/index.php?rest_route=\/wp\/v2\/types\/page"}],"author":[{"embeddable":true,"href":"http:\/\/hp-michel.de\/index.php?rest_route=\/wp\/v2\/users\/2"}],"replies":[{"embeddable":true,"href":"http:\/\/hp-michel.de\/index.php?rest_route=%2Fwp%2Fv2%2Fcomments&post=377"}],"version-history":[{"count":4,"href":"http:\/\/hp-michel.de\/index.php?rest_route=\/wp\/v2\/pages\/377\/revisions"}],"predecessor-version":[{"id":384,"href":"http:\/\/hp-michel.de\/index.php?rest_route=\/wp\/v2\/pages\/377\/revisions\/384"}],"up":[{"embeddable":true,"href":"http:\/\/hp-michel.de\/index.php?rest_route=\/wp\/v2\/pages\/33"}],"wp:attachment":[{"href":"http:\/\/hp-michel.de\/index.php?rest_route=%2Fwp%2Fv2%2Fmedia&parent=377"}],"curies":[{"name":"wp","href":"https:\/\/api.w.org\/{rel}","templated":true}]}}