{"id":44,"date":"2017-02-03T11:01:36","date_gmt":"2017-02-03T10:01:36","guid":{"rendered":"http:\/\/hp-michel.de\/?page_id=44"},"modified":"2017-09-14T22:52:17","modified_gmt":"2017-09-14T20:52:17","slug":"lymphdrainage","status":"publish","type":"page","link":"http:\/\/hp-michel.de\/?page_id=44","title":{"rendered":"Lymphdrainage"},"content":{"rendered":"<p>Die Lymphdrainage ist eine verh\u00e4ltnism\u00e4\u00dfig junge Massageform, da sie erst 1920\/30 von dem d\u00e4nischen Ehepaar Vodder entwickelt wurde. Allerdings dauerte es bis 1963, bis der deutsche Arzt Asdonk sich mit den Grifftechniken besch\u00e4ftigte und ihren Nutzen erkannte.<img loading=\"lazy\" decoding=\"async\" class=\"size-medium wp-image-285 alignright\" src=\"http:\/\/hp-michel.de\/wp-content\/uploads\/2017\/02\/DSCI0466-300x225.jpg\" alt=\"\" width=\"300\" height=\"225\" srcset=\"http:\/\/hp-michel.de\/wp-content\/uploads\/2017\/02\/DSCI0466-300x225.jpg 300w, http:\/\/hp-michel.de\/wp-content\/uploads\/2017\/02\/DSCI0466-768x576.jpg 768w, http:\/\/hp-michel.de\/wp-content\/uploads\/2017\/02\/DSCI0466-1024x768.jpg 1024w, http:\/\/hp-michel.de\/wp-content\/uploads\/2017\/02\/DSCI0466-900x675.jpg 900w, http:\/\/hp-michel.de\/wp-content\/uploads\/2017\/02\/DSCI0466-1280x960.jpg 1280w\" sizes=\"auto, (max-width: 300px) 100vw, 300px\" \/><\/p>\n<p>Die Anwendungsm\u00f6glichkeiten<br \/>\ndieser \u00fcberaus sanften Massage sind sehr vielf\u00e4ltig.<\/p>\n<ul>\n<li><strong>Bei akuten Verletzungen<\/strong>\n<ul>\n<li>Bluterg\u00fcsse, Zerrrungen, Verrenkungen, Muskelfaserrisse, Luxationen und offenen Wunden.<br \/>\nJe schneller nach Verletzungen (auch Operationen) mit einer Lymphdrainage begonnen wird, desto rascher der Heilungsverlauf bzw die Verletzungsdauer<\/li>\n<\/ul>\n<\/li>\n<li><strong>Zum Schmerzabbau<\/strong>\n<ul>\n<li>Grade vor und nach Operationen, aber auch bei Verletzungen erfolgt durch die Lymphdrainage h\u00e4ufig eine so deutliche Schmerzreduktion, dass oft entweder weniger Schmerzmittel gegeben werden muss oder sogar ganz darauf verzichtet werden kann.<\/li>\n<li>Viele Kopf- und Gelenkschmerzen, die scheinbar grundlos im Alltag entstehen, lassen sich durch die Lymphdrainage sehr gut und nebenwirkungsfrei beheben.<\/li>\n<\/ul>\n<\/li>\n<li><strong>Zur Entstauungstherapie bei geschwollenen K\u00f6rperregionen und bei \u00d6demen<\/strong>\n<ul>\n<li>Z.B. nach Entfernung von Lymphknoten in Folge von Krebsoperationen oder nach Bestrahlungstherapien<\/li>\n<\/ul>\n<\/li>\n<li><strong>Bei Narben<\/strong>\n<ul>\n<li>Wird die Lymphdrainage bei frischen Narben angewandt, verk\u00fcrzt sich die Wundheilungszeit meist deutlich und die Narbe selber ist sp\u00e4ter weniger sicht- und sp\u00fcrbar<strong>\u00a0<\/strong><\/li>\n<\/ul>\n<\/li>\n<li><strong>Bei rheumatischen Erkrankungen<\/strong>\n<ul>\n<li>Deutliche Verbesserungen der Beweglichkeit und Verminderung der Schmerzen kann erzielt werden, wenn die Behandlung regelm\u00e4\u00dfig erfolgt.<\/li>\n<\/ul>\n<\/li>\n<li><strong>Bei Muskelkater (und anderen Katern)<\/strong>\n<ul>\n<li>Vermehrte Milchs\u00e4ure und Fl\u00fcssigkeit in den Muskelzellzwischenr\u00e4umen wird rascher abtransportiert und f\u00fchrt zu einem schnelleren Abklingen des Muskelkaters<\/li>\n<li>Selbst der Kater nach einer durchzechten Nacht zieht seine Krallen nach einer Lymphdrainage schneller ein.<\/li>\n<li>Gegen faul auf dem Sofa herumliegenden Katern und Katzen zeigt diese Methode meiner Erfahrung nach keine Wirkung<\/li>\n<\/ul>\n<\/li>\n<li><strong>Bei gesunden Menschen<\/strong>\n<ul>\n<li>Zum Entspannen<\/li>\n<li>Gegen geschwollene Beine nach langem Stehen<\/li>\n<li>Zur Vorbeugung von Schwangerschaftsstreifen<\/li>\n<li>Gegen ein geschwollenes Gesicht und Tr\u00e4nens\u00e4cke<\/li>\n<\/ul>\n<\/li>\n<\/ul>\n","protected":false},"excerpt":{"rendered":"<p>Die Lymphdrainage ist eine verh\u00e4ltnism\u00e4\u00dfig junge Massageform, da sie erst 1920\/30 von dem d\u00e4nischen Ehepaar Vodder entwickelt wurde. Allerdings dauerte es bis 1963, bis der deutsche Arzt Asdonk sich mit den Grifftechniken besch\u00e4ftigte und ihren Nutzen erkannte. Die Anwendungsm\u00f6glichkeiten dieser \u00fcberaus sanften Massage sind sehr vielf\u00e4ltig. Bei akuten Verletzungen Bluterg\u00fcsse, Zerrrungen, Verrenkungen, Muskelfaserrisse, Luxationen und [&hellip;]<\/p>\n","protected":false},"author":1,"featured_media":0,"parent":33,"menu_order":800,"comment_status":"closed","ping_status":"closed","template":"","meta":{"footnotes":""},"class_list":["post-44","page","type-page","status-publish","hentry"],"_links":{"self":[{"href":"http:\/\/hp-michel.de\/index.php?rest_route=\/wp\/v2\/pages\/44","targetHints":{"allow":["GET"]}}],"collection":[{"href":"http:\/\/hp-michel.de\/index.php?rest_route=\/wp\/v2\/pages"}],"about":[{"href":"http:\/\/hp-michel.de\/index.php?rest_route=\/wp\/v2\/types\/page"}],"author":[{"embeddable":true,"href":"http:\/\/hp-michel.de\/index.php?rest_route=\/wp\/v2\/users\/1"}],"replies":[{"embeddable":true,"href":"http:\/\/hp-michel.de\/index.php?rest_route=%2Fwp%2Fv2%2Fcomments&post=44"}],"version-history":[{"count":6,"href":"http:\/\/hp-michel.de\/index.php?rest_route=\/wp\/v2\/pages\/44\/revisions"}],"predecessor-version":[{"id":287,"href":"http:\/\/hp-michel.de\/index.php?rest_route=\/wp\/v2\/pages\/44\/revisions\/287"}],"up":[{"embeddable":true,"href":"http:\/\/hp-michel.de\/index.php?rest_route=\/wp\/v2\/pages\/33"}],"wp:attachment":[{"href":"http:\/\/hp-michel.de\/index.php?rest_route=%2Fwp%2Fv2%2Fmedia&parent=44"}],"curies":[{"name":"wp","href":"https:\/\/api.w.org\/{rel}","templated":true}]}}