{"id":46,"date":"2017-02-03T11:01:53","date_gmt":"2017-02-03T10:01:53","guid":{"rendered":"http:\/\/hp-michel.de\/?page_id=46"},"modified":"2017-09-14T22:33:30","modified_gmt":"2017-09-14T20:33:30","slug":"aroma-massage","status":"publish","type":"page","link":"http:\/\/hp-michel.de\/?page_id=46","title":{"rendered":"Aroma-Massagen"},"content":{"rendered":"<p>sind die Wohlf\u00fchlmassagen schlechthin!<\/p>\n<p>Durch das Zusammenspiel von langsamer, ruhiger und entspannender Massage und dem Aroma des \u00d6les, wird Stress noch besser abgebaut und steigert damit ihr Wohlbefinden vom ersten Augenblick an.<\/p>\n<p>Den Duft suchen Sie selbstverst\u00e4ndlich selber aus, nachdem wir in einem Gespr\u00e4ch herausgefunden haben, \u00a0was Sie von der Massage erwarten. Denn D\u00fcfte gehen nicht nur in die Nase. Sie wirken sehr viel tiefer. Mit Hilfe eines Duftes kann eine <img loading=\"lazy\" decoding=\"async\" class=\"size-medium wp-image-157 alignright\" src=\"http:\/\/hp-michel.de\/wp-content\/uploads\/2017\/02\/alternative-1851027_1280-300x200.jpg\" alt=\"\" width=\"300\" height=\"200\" srcset=\"http:\/\/hp-michel.de\/wp-content\/uploads\/2017\/02\/alternative-1851027_1280-300x200.jpg 300w, http:\/\/hp-michel.de\/wp-content\/uploads\/2017\/02\/alternative-1851027_1280-768x512.jpg 768w, http:\/\/hp-michel.de\/wp-content\/uploads\/2017\/02\/alternative-1851027_1280-1024x682.jpg 1024w, http:\/\/hp-michel.de\/wp-content\/uploads\/2017\/02\/alternative-1851027_1280-900x600.jpg 900w, http:\/\/hp-michel.de\/wp-content\/uploads\/2017\/02\/alternative-1851027_1280.jpg 1280w\" sizes=\"auto, (max-width: 300px) 100vw, 300px\" \/>Massage eher vitalisierend, belebend, erw\u00e4rmend oder entspannend sein.<\/p>\n<h5>Ablauf<\/h5>\n<p>Dem Prinzip der Kahunas folgend, beginne ich auch hier auf der R\u00fcckseite mit dem Anfang, aufgrund des Energieflusses optimaler Weise, an den F\u00fc\u00dfen.<br \/>\nAuch hier werden beide Seiten massiert. Den Abschluss bildet eine sanfte Geschichtsmassage.<\/p>\n<p>Damit diese Massage \u00fcberhaupt ihre wohltuende Wirkung entfalten kann, sollte die reine Massagezeit nicht unter einer Dreiviertelstunde liegen. Besser w\u00e4re eine ganze Stunde. \u00dcber die reine Massagezeit hinaus sollten sie sich mindestens eine weitere Viertelstunde Zeit f\u00fcr das Drumherum nehmen. Denn mit Zeitdruck und dem n\u00e4chsten Termin im Nacken, d\u00fcrfte es mit der Entspannung schwierig werden.<\/p>\n<p>&nbsp;<\/p>\n","protected":false},"excerpt":{"rendered":"<p>sind die Wohlf\u00fchlmassagen schlechthin! Durch das Zusammenspiel von langsamer, ruhiger und entspannender Massage und dem Aroma des \u00d6les, wird Stress noch besser abgebaut und steigert damit ihr Wohlbefinden vom ersten Augenblick an. Den Duft suchen Sie selbstverst\u00e4ndlich selber aus, nachdem wir in einem Gespr\u00e4ch herausgefunden haben, \u00a0was Sie von der Massage erwarten. Denn D\u00fcfte gehen [&hellip;]<\/p>\n","protected":false},"author":1,"featured_media":0,"parent":33,"menu_order":500,"comment_status":"closed","ping_status":"closed","template":"","meta":{"footnotes":""},"class_list":["post-46","page","type-page","status-publish","hentry"],"_links":{"self":[{"href":"http:\/\/hp-michel.de\/index.php?rest_route=\/wp\/v2\/pages\/46","targetHints":{"allow":["GET"]}}],"collection":[{"href":"http:\/\/hp-michel.de\/index.php?rest_route=\/wp\/v2\/pages"}],"about":[{"href":"http:\/\/hp-michel.de\/index.php?rest_route=\/wp\/v2\/types\/page"}],"author":[{"embeddable":true,"href":"http:\/\/hp-michel.de\/index.php?rest_route=\/wp\/v2\/users\/1"}],"replies":[{"embeddable":true,"href":"http:\/\/hp-michel.de\/index.php?rest_route=%2Fwp%2Fv2%2Fcomments&post=46"}],"version-history":[{"count":7,"href":"http:\/\/hp-michel.de\/index.php?rest_route=\/wp\/v2\/pages\/46\/revisions"}],"predecessor-version":[{"id":280,"href":"http:\/\/hp-michel.de\/index.php?rest_route=\/wp\/v2\/pages\/46\/revisions\/280"}],"up":[{"embeddable":true,"href":"http:\/\/hp-michel.de\/index.php?rest_route=\/wp\/v2\/pages\/33"}],"wp:attachment":[{"href":"http:\/\/hp-michel.de\/index.php?rest_route=%2Fwp%2Fv2%2Fmedia&parent=46"}],"curies":[{"name":"wp","href":"https:\/\/api.w.org\/{rel}","templated":true}]}}