{"id":48,"date":"2017-02-03T11:02:12","date_gmt":"2017-02-03T10:02:12","guid":{"rendered":"http:\/\/hp-michel.de\/?page_id=48"},"modified":"2017-09-14T22:41:17","modified_gmt":"2017-09-14T20:41:17","slug":"honig-massage","status":"publish","type":"page","link":"http:\/\/hp-michel.de\/?page_id=48","title":{"rendered":"Honig-Massage"},"content":{"rendered":"<p>Die Honigmassage ist in erster Linie eine Entgiftungsmethode, die gleichzeitig der Haut und den Muskeln gut tut. Verspannungen und Verh\u00e4rtungen werden sehr gut gel\u00f6st und grade unreine oder pickelige Haut profitiert ganz besonders von dieser Massageform. Durch den warmen Honigduft ist die Honigmassage nat\u00fcrlich auch gleichzeitig eine besondere Art der Aroma-Massage.<\/p>\n<h5>Ablauf<\/h5>\n<p>Damit der Honig seine Wirkung optimal entfalten kann, ist es sinnvoll, den R\u00fccken vor Beginn der Behandlung mit warmem Wasser zu reinigen.<\/p>\n<p>Zu Beginn wird der bereits angew\u00e4rmte Biohonig sanft auf der Haut verteilt und<img loading=\"lazy\" decoding=\"async\" class=\"size-medium wp-image-281 alignright\" src=\"http:\/\/hp-michel.de\/wp-content\/uploads\/2017\/02\/honey-1958464_960_720-225x300.jpg\" alt=\"\" width=\"225\" height=\"300\" srcset=\"http:\/\/hp-michel.de\/wp-content\/uploads\/2017\/02\/honey-1958464_960_720-225x300.jpg 225w, http:\/\/hp-michel.de\/wp-content\/uploads\/2017\/02\/honey-1958464_960_720.jpg 540w\" sizes=\"auto, (max-width: 225px) 100vw, 225px\" \/> anfangs mit gleichm\u00e4\u00dfigen Bewegungen einmassiert. So wie er verst\u00e4rkt zu kleben beginnt, \u00e4ndert sich die Massagetechnik und es kommen sogenannte Pumpgriffe zur Anwendung. Dabei klebt immer abwechselnd eine Hand an der Haut und wird wieder abgezogen. Auf diese Weise werden Hautunreinheiten und Giftstoffe, wie z.B. Schwermetalle aus der Haut und dem Unterhautfettgewebe gel\u00f6st, wo sie f\u00fcr andere Entgiftungen nur schwer zu erreichen sind.<br \/>\nIn diesem Stadium der Massage wird die Haut sehr stark durchblutet und die Massage kann &#8222;ziepen&#8220;. Je nach Zustand der Haut wird der Honig schon bald zu einer gr\u00e4ulichen, z\u00e4hlen Masse, die nicht mehr klebt, sondern sich leicht von der Haut abl\u00f6sen l\u00e4sst. Die Haut ist nun so tief gereinigt und von Giftstoffen und Schlacken befreit, wie es keine andere Methode erm\u00f6glicht.<br \/>\nMit warmem Wasser werden nun die verbleibenden Honigreste abgewaschen.<\/p>\n<p>F\u00fcr einige Minuten d\u00fcrfen Sie sich nun dem wohlig warmen Gef\u00fchl unter einer kuscheligen Decke hingeben und vielleicht sogar ein bisschen vor sich hind\u00f6sen, bevor ich wertvolles Mohnbl\u00fcten\u00f6l auftrage und sanft einmassiere.<\/p>\n<h5>Anmerkung<\/h5>\n<p>Diese Massage ist nicht geeignet f\u00fcr Menschen die blutverd\u00fcnnende Mittel einnehmen.<br \/>\nEine Honig-Massage ist nicht auf behaarten K\u00f6rperpartien m\u00f6glich. Eine Rasur sollte ggf zuvor erfolgt sein.<br \/>\nBei unklaren R\u00fcckenschmerzen &#8211; also solchen, bei denen keine Ursache gefunden wurde &#8211; tritt in vielen F\u00e4llen nach kurzer Zeit eine Verbesserung der Beschwerden ein. H\u00e4ufig geht dieser Verbesserung allerdings eine sogenannte Erstverschlechterung voraus.<\/p>\n<p>Der Anwendungsbereich beschr\u00e4nkt sich im allgemeinen auf den R\u00fccken, kann aber bei Bedarf auch im Gesicht angewendet werden.<\/p>\n<p>Diese Massage wirkt erfahrungsgem\u00e4\u00df gegen Schlafst\u00f6rungen, Migr\u00e4ne, PMS, schmerzlindernd bei Arthrose und rheumatischen Beschwerden, au\u00dferdem entz\u00fcndungshemmend und tiefenreinigend bei Akne.<br \/>\nDie heilsame Wirkung ist nicht wissenschaftlich erforscht und damit auch nicht wissenschaftlich belegt. Von Heilversprechen distanziere ich mich hiermit ausdr\u00fccklich.<\/p>\n<p>Nach einer Honig-Massage empfehle ich 1 1\/2 bis 2 Liter reines Wasser zu trinken, um die Entgiftungsvorg\u00e4nge im K\u00f6rper zu unterst\u00fctzen.<\/p>\n<p>Erfahrungsgem\u00e4\u00df zieht sich diese Massage mit samt der Ruhepause \u00fcber ca. 1 Stunde. \u00dcber die reine Massagezeit hinaus sollten sie sich mindestens eine weitere Viertelstunde Zeit f\u00fcr das Drumherum nehmen. Denn mit Zeitdruck und dem n\u00e4chsten Termin im Nacken, d\u00fcrfte es mit der Entspannung schwierig werden.<\/p>\n","protected":false},"excerpt":{"rendered":"<p>Die Honigmassage ist in erster Linie eine Entgiftungsmethode, die gleichzeitig der Haut und den Muskeln gut tut. Verspannungen und Verh\u00e4rtungen werden sehr gut gel\u00f6st und grade unreine oder pickelige Haut profitiert ganz besonders von dieser Massageform. Durch den warmen Honigduft ist die Honigmassage nat\u00fcrlich auch gleichzeitig eine besondere Art der Aroma-Massage. Ablauf Damit der Honig [&hellip;]<\/p>\n","protected":false},"author":1,"featured_media":0,"parent":33,"menu_order":600,"comment_status":"closed","ping_status":"closed","template":"","meta":{"footnotes":""},"class_list":["post-48","page","type-page","status-publish","hentry"],"_links":{"self":[{"href":"http:\/\/hp-michel.de\/index.php?rest_route=\/wp\/v2\/pages\/48","targetHints":{"allow":["GET"]}}],"collection":[{"href":"http:\/\/hp-michel.de\/index.php?rest_route=\/wp\/v2\/pages"}],"about":[{"href":"http:\/\/hp-michel.de\/index.php?rest_route=\/wp\/v2\/types\/page"}],"author":[{"embeddable":true,"href":"http:\/\/hp-michel.de\/index.php?rest_route=\/wp\/v2\/users\/1"}],"replies":[{"embeddable":true,"href":"http:\/\/hp-michel.de\/index.php?rest_route=%2Fwp%2Fv2%2Fcomments&post=48"}],"version-history":[{"count":5,"href":"http:\/\/hp-michel.de\/index.php?rest_route=\/wp\/v2\/pages\/48\/revisions"}],"predecessor-version":[{"id":282,"href":"http:\/\/hp-michel.de\/index.php?rest_route=\/wp\/v2\/pages\/48\/revisions\/282"}],"up":[{"embeddable":true,"href":"http:\/\/hp-michel.de\/index.php?rest_route=\/wp\/v2\/pages\/33"}],"wp:attachment":[{"href":"http:\/\/hp-michel.de\/index.php?rest_route=%2Fwp%2Fv2%2Fmedia&parent=48"}],"curies":[{"name":"wp","href":"https:\/\/api.w.org\/{rel}","templated":true}]}}