{"id":52,"date":"2017-02-03T11:03:41","date_gmt":"2017-02-03T10:03:41","guid":{"rendered":"http:\/\/hp-michel.de\/?page_id=52"},"modified":"2018-02-14T22:11:51","modified_gmt":"2018-02-14T21:11:51","slug":"trigger-punkt-therapie","status":"publish","type":"page","link":"http:\/\/hp-michel.de\/?page_id=52","title":{"rendered":"Triggerpunkt-Therapie"},"content":{"rendered":"<p>Die Triggerpunkt-Therapie ist eine bew\u00e4hrte Methode zur Linderung von Muskelschmerzen.<\/p>\n<p class=\"p_1\">Im Kopf scheint ein Dampfhammer zu arbeiten, der Nacken schmerzt bei jeder Drehung, im R\u00fccken sticht es und in den Armen breiten sich Taubheitsgef\u00fchle aus. Die Liste der Beschwerden lie\u00dfe sich leicht fortf\u00fchren.<br \/>\nJahrelange Behandlungsmarathons folgen und doch der Erfolg bleibt h\u00e4ufig aus. Am Ende bleibt scheinbar nur noch der Griff zum Schmerzmittel und den damit verbundenen Nebenwirkungen. Doch h\u00e4ufig stecken hinter diesen Schmerzen Ausl\u00f6ser, die sich an ganz anderen Stellen im K\u00f6rper befinden und daher oft \u00fcbersehen werden.<\/p>\n<p class=\"p_2\">Ursache f\u00fcr die Schmerzen sind sogenannte Triggerpunkte, die aus schmerzhaft verk\u00fcrzten Muskelfasern bestehen und mit einer Stoffwechsel- und Durchblutungsst\u00f6rung einhergehen. Sind dabei Nervenfasern involviert, werden die Schmerzsignale nach einem bestimmten Muster in andere K\u00f6rperregionen ausgesendet.<\/p>\n<p>In bis zu 90% aller F\u00e4lle sind\u00a0Triggerpunkte die Hauptursache f\u00fcr Schmerzen und Funktionsst\u00f6rungen des Bewegungsapparates, wo keine Ursache am Schmerzort zu finden ist.<\/p>\n<p>Unter normalen Umst\u00e4nden spannt und entspannt sich ein Muskel immer im Wechsel. Doch verschiedene Ursachen wie Dauerstress, zu wenig Bewegung, Schonhaltung und falsche Bewegungen f\u00fchren oft zu winzigen Verkrampfungen. In diesem kleinen Bereich wird der Muskel schlechter mit Sauerstoff und N\u00e4hrstoffen versorgt und es entstehen Schmerzen.<br \/>\nZu ertasten sind diese dauerhaft kontrahierten Muskelfasern als Knubbel innerhalb eines Muskels. Auff\u00e4llig ist auch, dass diese Triggerpunkte empfindlicher auf Druck reagieren als die gesunde Muskulatur. Der eigentliche Schmerzort, der die Betroffenen jedoch qu\u00e4lt, befindet sich nur in den seltensten F\u00e4llen in dem Muskel selber, sondern im n\u00e4chstliegenden Gelenk. H\u00e4ufig sind auch Bewegungseinschr\u00e4nkungen und Kraftverlust festzustellen.<\/p>\n<p class=\"p_4\">Triggerpunkte im Nacken- Schulterbereich f\u00fchren h\u00e4ufig zu Kopfschmerzen und Nackenschmerzen, die oftmals sogar mit Tinnitus oder Schwindelattacken verbunden sein k\u00f6nnen.<\/p>\n<p class=\"p_4\">Je nach Ort des Triggerpunktes l\u00f6se ich sie durch konstanten Druck oder leicht kreisende Bewegungen. Um einer schnellen R\u00fcckkehr eines solchen Triggerpunktes vorzubeugen, setze ich zus\u00e4tzlich ggf einen Schr\u00f6pfkopf und gebe eine Anleitung zur Selbstbehandlung mit.<\/p>\n","protected":false},"excerpt":{"rendered":"<p>Die Triggerpunkt-Therapie ist eine bew\u00e4hrte Methode zur Linderung von Muskelschmerzen. Im Kopf scheint ein Dampfhammer zu arbeiten, der Nacken schmerzt bei jeder Drehung, im R\u00fccken sticht es und in den Armen breiten sich Taubheitsgef\u00fchle aus. Die Liste der Beschwerden lie\u00dfe sich leicht fortf\u00fchren. Jahrelange Behandlungsmarathons folgen und doch der Erfolg bleibt h\u00e4ufig aus. Am Ende [&hellip;]<\/p>\n","protected":false},"author":1,"featured_media":0,"parent":195,"menu_order":0,"comment_status":"closed","ping_status":"closed","template":"","meta":{"footnotes":""},"class_list":["post-52","page","type-page","status-publish","hentry"],"_links":{"self":[{"href":"http:\/\/hp-michel.de\/index.php?rest_route=\/wp\/v2\/pages\/52","targetHints":{"allow":["GET"]}}],"collection":[{"href":"http:\/\/hp-michel.de\/index.php?rest_route=\/wp\/v2\/pages"}],"about":[{"href":"http:\/\/hp-michel.de\/index.php?rest_route=\/wp\/v2\/types\/page"}],"author":[{"embeddable":true,"href":"http:\/\/hp-michel.de\/index.php?rest_route=\/wp\/v2\/users\/1"}],"replies":[{"embeddable":true,"href":"http:\/\/hp-michel.de\/index.php?rest_route=%2Fwp%2Fv2%2Fcomments&post=52"}],"version-history":[{"count":4,"href":"http:\/\/hp-michel.de\/index.php?rest_route=\/wp\/v2\/pages\/52\/revisions"}],"predecessor-version":[{"id":318,"href":"http:\/\/hp-michel.de\/index.php?rest_route=\/wp\/v2\/pages\/52\/revisions\/318"}],"up":[{"embeddable":true,"href":"http:\/\/hp-michel.de\/index.php?rest_route=\/wp\/v2\/pages\/195"}],"wp:attachment":[{"href":"http:\/\/hp-michel.de\/index.php?rest_route=%2Fwp%2Fv2%2Fmedia&parent=52"}],"curies":[{"name":"wp","href":"https:\/\/api.w.org\/{rel}","templated":true}]}}