{"id":54,"date":"2017-02-03T11:04:58","date_gmt":"2017-02-03T10:04:58","guid":{"rendered":"http:\/\/hp-michel.de\/?page_id=54"},"modified":"2018-02-14T22:20:50","modified_gmt":"2018-02-14T21:20:50","slug":"toc-traditionelle-ostfriesische-chiropraktik","status":"publish","type":"page","link":"http:\/\/hp-michel.de\/?page_id=54","title":{"rendered":"TOC &#8211; traditionelle ostfriesische Chiropraktik"},"content":{"rendered":"<p>ist eine f\u00fcr den K\u00f6rper sanfte Art der Chiropraktik und basiert auf langj\u00e4hriger Erfahrung aus chiropraktischen Techniken, wie sie in Ostfriesland seit Jahrzehnten \u00fcberliefert wurden.<br \/>\n\u00c4hnlich wie bei der Dorn-Methode wird die Wirbels\u00e4ule in nat\u00fcrlicher Eigenbewegung aufgerichtet. Kombiniert mit einer sanften \u201eChiro-Massage\u201c werden die Verspannungen gel\u00f6st und die Wirbel wieder in ihre urspr\u00fcngliche Position gebracht. Auch k\u00f6nnen Verspannungen aus den gro\u00dfen und kleinen Gelenken oder verbackene Sehnen gel\u00f6st werden. Der Patient f\u00fchlt sofort eine Besserung seiner Beschwerden, ohne dass es zu einem klassischen Einrenken kommt.<\/p>\n","protected":false},"excerpt":{"rendered":"<p>ist eine f\u00fcr den K\u00f6rper sanfte Art der Chiropraktik und basiert auf langj\u00e4hriger Erfahrung aus chiropraktischen Techniken, wie sie in Ostfriesland seit Jahrzehnten \u00fcberliefert wurden. \u00c4hnlich wie bei der Dorn-Methode wird die Wirbels\u00e4ule in nat\u00fcrlicher Eigenbewegung aufgerichtet. Kombiniert mit einer sanften \u201eChiro-Massage\u201c werden die Verspannungen gel\u00f6st und die Wirbel wieder in ihre urspr\u00fcngliche Position gebracht. [&hellip;]<\/p>\n","protected":false},"author":1,"featured_media":0,"parent":195,"menu_order":0,"comment_status":"closed","ping_status":"closed","template":"","meta":{"footnotes":""},"class_list":["post-54","page","type-page","status-publish","hentry"],"_links":{"self":[{"href":"http:\/\/hp-michel.de\/index.php?rest_route=\/wp\/v2\/pages\/54","targetHints":{"allow":["GET"]}}],"collection":[{"href":"http:\/\/hp-michel.de\/index.php?rest_route=\/wp\/v2\/pages"}],"about":[{"href":"http:\/\/hp-michel.de\/index.php?rest_route=\/wp\/v2\/types\/page"}],"author":[{"embeddable":true,"href":"http:\/\/hp-michel.de\/index.php?rest_route=\/wp\/v2\/users\/1"}],"replies":[{"embeddable":true,"href":"http:\/\/hp-michel.de\/index.php?rest_route=%2Fwp%2Fv2%2Fcomments&post=54"}],"version-history":[{"count":4,"href":"http:\/\/hp-michel.de\/index.php?rest_route=\/wp\/v2\/pages\/54\/revisions"}],"predecessor-version":[{"id":320,"href":"http:\/\/hp-michel.de\/index.php?rest_route=\/wp\/v2\/pages\/54\/revisions\/320"}],"up":[{"embeddable":true,"href":"http:\/\/hp-michel.de\/index.php?rest_route=\/wp\/v2\/pages\/195"}],"wp:attachment":[{"href":"http:\/\/hp-michel.de\/index.php?rest_route=%2Fwp%2Fv2%2Fmedia&parent=54"}],"curies":[{"name":"wp","href":"https:\/\/api.w.org\/{rel}","templated":true}]}}